{"id":56870,"date":"2026-05-05T04:24:04","date_gmt":"2026-05-05T04:24:04","guid":{"rendered":"https:\/\/prev.adorn.mx\/index.php\/producto\/jarron-de-cristal-con-lineas-azul-chico\/"},"modified":"2026-05-05T15:19:03","modified_gmt":"2026-05-05T15:19:03","slug":"jarron-de-cristal-con-lineas-azul-chico","status":"publish","type":"product","link":"https:\/\/adorn.mx\/index.php\/producto\/jarron-de-cristal-con-lineas-azul-chico\/","title":{"rendered":"Jarr\u00f3n de cristal con l\u00edneas azul chico"},"content":{"rendered":"<p>Jarr\u00f3n de cristal con l\u00edneas azul chico<\/p>\n","protected":false},"excerpt":{"rendered":"<p>PESO 3.000<br \/>\nMEDIDAS 13.5&#215;13.5&#215;19 cm<br \/>\nMATERIALES Cristal<br \/>\nCOLORES Azul<\/p>\n","protected":false},"featured_media":56869,"template":"","meta":[],"product_brand":[],"product_cat":[10735],"product_tag":[],"class_list":{"0":"post-56870","1":"product","2":"type-product","3":"status-publish","4":"has-post-thumbnail","6":"product_cat-floreros-y-jarrones","8":"first","9":"instock","10":"taxable","11":"shipping-taxable","12":"purchasable","13":"product-type-simple"},"yoast_head":"<!-- This site is optimized with the Yoast SEO plugin v27.5 - https:\/\/yoast.com\/product\/yoast-seo-wordpress\/ -->\n<title>Jarr\u00f3n de cristal con l\u00edneas azul chico - Adorn Concept Store<\/title>\n<meta name=\"robots\" content=\"noindex, follow, max-snippet:-1, max-image-preview:large, max-video-preview:-1\" \/>\n<meta property=\"og:locale\" content=\"es_MX\" \/>\n<meta property=\"og:type\" content=\"article\" \/>\n<meta property=\"og:title\" content=\"Jarr\u00f3n de cristal con l\u00edneas azul chico - Adorn Concept Store\" \/>\n<meta property=\"og:description\" content=\"PESO 3.000 MEDIDAS 13.5x13.5x19 cm  MATERIALES Cristal COLORES Azul\" \/>\n<meta property=\"og:url\" content=\"https:\/\/adorn.mx\/index.php\/producto\/jarron-de-cristal-con-lineas-azul-chico\/\" \/>\n<meta property=\"og:site_name\" content=\"Adorn Concept Store\" \/>\n<meta property=\"article:modified_time\" content=\"2026-05-05T15:19:03+00:00\" \/>\n<meta property=\"og:image\" content=\"https:\/\/adorn.mx\/wp-content\/uploads\/2026\/05\/68746c6b-8aa8-48d8-8ffa-3d3178293f66.jpg\" \/>\n\t<meta property=\"og:image:width\" content=\"1200\" \/>\n\t<meta property=\"og:image:height\" content=\"1600\" \/>\n\t<meta property=\"og:image:type\" content=\"image\/jpeg\" \/>\n<meta name=\"twitter:card\" content=\"summary_large_image\" \/>\n<script type=\"application\/ld+json\" class=\"yoast-schema-graph\">{\"@context\":\"https:\\\/\\\/schema.org\",\"@graph\":[{\"@type\":\"WebPage\",\"@id\":\"https:\\\/\\\/adorn.mx\\\/index.php\\\/producto\\\/jarron-de-cristal-con-lineas-azul-chico\\\/\",\"url\":\"https:\\\/\\\/adorn.mx\\\/index.php\\\/producto\\\/jarron-de-cristal-con-lineas-azul-chico\\\/\",\"name\":\"Jarr\u00f3n de cristal con l\u00edneas azul chico - Adorn Concept Store\",\"isPartOf\":{\"@id\":\"https:\\\/\\\/prev.adorn.mx\\\/#website\"},\"primaryImageOfPage\":{\"@id\":\"https:\\\/\\\/adorn.mx\\\/index.php\\\/producto\\\/jarron-de-cristal-con-lineas-azul-chico\\\/#primaryimage\"},\"image\":{\"@id\":\"https:\\\/\\\/adorn.mx\\\/index.php\\\/producto\\\/jarron-de-cristal-con-lineas-azul-chico\\\/#primaryimage\"},\"thumbnailUrl\":\"https:\\\/\\\/adorn.mx\\\/wp-content\\\/uploads\\\/2026\\\/05\\\/68746c6b-8aa8-48d8-8ffa-3d3178293f66.jpg\",\"datePublished\":\"2026-05-05T04:24:04+00:00\",\"dateModified\":\"2026-05-05T15:19:03+00:00\",\"breadcrumb\":{\"@id\":\"https:\\\/\\\/adorn.mx\\\/index.php\\\/producto\\\/jarron-de-cristal-con-lineas-azul-chico\\\/#breadcrumb\"},\"inLanguage\":\"es\",\"potentialAction\":[{\"@type\":\"ReadAction\",\"target\":[\"https:\\\/\\\/adorn.mx\\\/index.php\\\/producto\\\/jarron-de-cristal-con-lineas-azul-chico\\\/\"]}]},{\"@type\":\"ImageObject\",\"inLanguage\":\"es\",\"@id\":\"https:\\\/\\\/adorn.mx\\\/index.php\\\/producto\\\/jarron-de-cristal-con-lineas-azul-chico\\\/#primaryimage\",\"url\":\"https:\\\/\\\/adorn.mx\\\/wp-content\\\/uploads\\\/2026\\\/05\\\/68746c6b-8aa8-48d8-8ffa-3d3178293f66.jpg\",\"contentUrl\":\"https:\\\/\\\/adorn.mx\\\/wp-content\\\/uploads\\\/2026\\\/05\\\/68746c6b-8aa8-48d8-8ffa-3d3178293f66.jpg\",\"width\":1200,\"height\":1600},{\"@type\":\"BreadcrumbList\",\"@id\":\"https:\\\/\\\/adorn.mx\\\/index.php\\\/producto\\\/jarron-de-cristal-con-lineas-azul-chico\\\/#breadcrumb\",\"itemListElement\":[{\"@type\":\"ListItem\",\"position\":1,\"name\":\"Inicio\",\"item\":\"https:\\\/\\\/adorn.mx\\\/\"},{\"@type\":\"ListItem\",\"position\":2,\"name\":\"Tienda\",\"item\":\"https:\\\/\\\/adorn.mx\\\/index.php\\\/tienda\\\/\"},{\"@type\":\"ListItem\",\"position\":3,\"name\":\"Jarr\u00f3n de cristal con l\u00edneas azul chico\"}]},{\"@type\":\"WebSite\",\"@id\":\"https:\\\/\\\/prev.adorn.mx\\\/#website\",\"url\":\"https:\\\/\\\/prev.adorn.mx\\\/\",\"name\":\"Adorn Concept Store\",\"description\":\"\",\"potentialAction\":[{\"@type\":\"SearchAction\",\"target\":{\"@type\":\"EntryPoint\",\"urlTemplate\":\"https:\\\/\\\/prev.adorn.mx\\\/?s={search_term_string}\"},\"query-input\":{\"@type\":\"PropertyValueSpecification\",\"valueRequired\":true,\"valueName\":\"search_term_string\"}}],\"inLanguage\":\"es\"}]}<\/script>\n<!-- \/ Yoast SEO plugin. -->","yoast_head_json":{"title":"Jarr\u00f3n de cristal con l\u00edneas azul chico - Adorn Concept Store","robots":{"index":"noindex","follow":"follow","max-snippet":"max-snippet:-1","max-image-preview":"max-image-preview:large","max-video-preview":"max-video-preview:-1"},"og_locale":"es_MX","og_type":"article","og_title":"Jarr\u00f3n de cristal con l\u00edneas azul chico - Adorn Concept Store","og_description":"PESO 3.000 MEDIDAS 13.5x13.5x19 cm  MATERIALES Cristal COLORES Azul","og_url":"https:\/\/adorn.mx\/index.php\/producto\/jarron-de-cristal-con-lineas-azul-chico\/","og_site_name":"Adorn Concept Store","article_modified_time":"2026-05-05T15:19:03+00:00","og_image":[{"width":1200,"height":1600,"url":"https:\/\/adorn.mx\/wp-content\/uploads\/2026\/05\/68746c6b-8aa8-48d8-8ffa-3d3178293f66.jpg","type":"image\/jpeg"}],"twitter_card":"summary_large_image","schema":{"@context":"https:\/\/schema.org","@graph":[{"@type":"WebPage","@id":"https:\/\/adorn.mx\/index.php\/producto\/jarron-de-cristal-con-lineas-azul-chico\/","url":"https:\/\/adorn.mx\/index.php\/producto\/jarron-de-cristal-con-lineas-azul-chico\/","name":"Jarr\u00f3n de cristal con l\u00edneas azul chico - Adorn Concept Store","isPartOf":{"@id":"https:\/\/prev.adorn.mx\/#website"},"primaryImageOfPage":{"@id":"https:\/\/adorn.mx\/index.php\/producto\/jarron-de-cristal-con-lineas-azul-chico\/#primaryimage"},"image":{"@id":"https:\/\/adorn.mx\/index.php\/producto\/jarron-de-cristal-con-lineas-azul-chico\/#primaryimage"},"thumbnailUrl":"https:\/\/adorn.mx\/wp-content\/uploads\/2026\/05\/68746c6b-8aa8-48d8-8ffa-3d3178293f66.jpg","datePublished":"2026-05-05T04:24:04+00:00","dateModified":"2026-05-05T15:19:03+00:00","breadcrumb":{"@id":"https:\/\/adorn.mx\/index.php\/producto\/jarron-de-cristal-con-lineas-azul-chico\/#breadcrumb"},"inLanguage":"es","potentialAction":[{"@type":"ReadAction","target":["https:\/\/adorn.mx\/index.php\/producto\/jarron-de-cristal-con-lineas-azul-chico\/"]}]},{"@type":"ImageObject","inLanguage":"es","@id":"https:\/\/adorn.mx\/index.php\/producto\/jarron-de-cristal-con-lineas-azul-chico\/#primaryimage","url":"https:\/\/adorn.mx\/wp-content\/uploads\/2026\/05\/68746c6b-8aa8-48d8-8ffa-3d3178293f66.jpg","contentUrl":"https:\/\/adorn.mx\/wp-content\/uploads\/2026\/05\/68746c6b-8aa8-48d8-8ffa-3d3178293f66.jpg","width":1200,"height":1600},{"@type":"BreadcrumbList","@id":"https:\/\/adorn.mx\/index.php\/producto\/jarron-de-cristal-con-lineas-azul-chico\/#breadcrumb","itemListElement":[{"@type":"ListItem","position":1,"name":"Inicio","item":"https:\/\/adorn.mx\/"},{"@type":"ListItem","position":2,"name":"Tienda","item":"https:\/\/adorn.mx\/index.php\/tienda\/"},{"@type":"ListItem","position":3,"name":"Jarr\u00f3n de cristal con l\u00edneas azul chico"}]},{"@type":"WebSite","@id":"https:\/\/prev.adorn.mx\/#website","url":"https:\/\/prev.adorn.mx\/","name":"Adorn Concept Store","description":"","potentialAction":[{"@type":"SearchAction","target":{"@type":"EntryPoint","urlTemplate":"https:\/\/prev.adorn.mx\/?s={search_term_string}"},"query-input":{"@type":"PropertyValueSpecification","valueRequired":true,"valueName":"search_term_string"}}],"inLanguage":"es"}]}},"_links":{"self":[{"href":"https:\/\/adorn.mx\/index.php\/wp-json\/wp\/v2\/product\/56870","targetHints":{"allow":["GET"]}}],"collection":[{"href":"https:\/\/adorn.mx\/index.php\/wp-json\/wp\/v2\/product"}],"about":[{"href":"https:\/\/adorn.mx\/index.php\/wp-json\/wp\/v2\/types\/product"}],"wp:featuredmedia":[{"embeddable":true,"href":"https:\/\/adorn.mx\/index.php\/wp-json\/wp\/v2\/media\/56869"}],"wp:attachment":[{"href":"https:\/\/adorn.mx\/index.php\/wp-json\/wp\/v2\/media?parent=56870"}],"wp:term":[{"taxonomy":"product_brand","embeddable":true,"href":"https:\/\/adorn.mx\/index.php\/wp-json\/wp\/v2\/product_brand?post=56870"},{"taxonomy":"product_cat","embeddable":true,"href":"https:\/\/adorn.mx\/index.php\/wp-json\/wp\/v2\/product_cat?post=56870"},{"taxonomy":"product_tag","embeddable":true,"href":"https:\/\/adorn.mx\/index.php\/wp-json\/wp\/v2\/product_tag?post=56870"}],"curies":[{"name":"wp","href":"https:\/\/api.w.org\/{rel}","templated":true}]}}