{"id":3,"date":"2026-01-23T03:37:08","date_gmt":"2026-01-23T03:37:08","guid":{"rendered":"https:\/\/prev.adorn.mx\/?page_id=3"},"modified":"2026-05-05T14:18:38","modified_gmt":"2026-05-05T14:18:38","slug":"aviso-de-privacidad","status":"publish","type":"page","link":"https:\/\/adorn.mx\/index.php\/aviso-de-privacidad\/","title":{"rendered":"Aviso de privacidad"},"content":{"rendered":"\n<p><strong>Aviso De Privacidad &#8211; Protecci\u00f3n De Datos Personales<\/strong><\/p>\n<p class=\"western\"><strong>EL AVISO DE PRIVACIDAD FORMA PARTE DEL USO DEL SITIO WEB adorn.mx<\/strong><\/p>\n<p class=\"western\"><strong>RESPONSABLE<\/strong><\/p>\n<p>En cumplimiento a la Ley Federal de Protecci\u00f3n de Datos Personales en Posesi\u00f3n de los Particulares, Adorn Concept Store, (en adelante adorn.mx) le informa que adorn.mx es responsable de sus datos personales. El &#8220;Usuario&#8221; podr\u00e1 contactar a adorn.mx en cualquier momento a trav\u00e9s de nuestro correo electr\u00f3nico info@adorn.mx o directamente en Bosque de Duraznos 65, Bosque de las Lomas, 05120 Ciudad de M\u00e9xico, CDMX. Nuestros tel\u00e9fonos son (55) 222-417-64. Protegemos y salvaguardamos sus datos personales para evitar el da\u00f1o, p\u00e9rdida, destrucci\u00f3n, robo, extrav\u00edo, alteraci\u00f3n, as\u00ed como el tratamiento no autorizado de sus datos personales.<\/p>\n<p class=\"western\"><strong>DATOS PERSONALES<\/strong><\/p>\n<p>La informaci\u00f3n deber\u00e1 ser siempre veraz y completa. El usuario responder\u00e1 en todo momento por los datos proporcionados y en ning\u00fan caso adorn.mx ser\u00e1 responsable de la veracidad de los mismos.<\/p>\n<p>La informaci\u00f3n solicitada al usuario en el sitio www.adorn.mx. es: Nombre completo, Tel\u00e9fonos de contacto, Direcci\u00f3n Postal, Correo Electr\u00f3nico, Datos de Facturaci\u00f3n, Datos de Tarjeta de Cr\u00e9dito o D\u00e9bito. Sus datos personales ser\u00e1n tratados con base a en los principios de licitud, consentimiento, informaci\u00f3n, calidad, finalidad, lealtad, proporcionalidad y responsabilidad en t\u00e9rminos de la Legislaci\u00f3n. Se mantendr\u00e1 la confidencialidad de sus datos personales estableciendo y manteniendo de forma efectiva las medidas de seguridad administrativas, t\u00e9cnicas y f\u00edsicas, para evitar su da\u00f1o, p\u00e9rdida, alteraci\u00f3n, destrucci\u00f3n, uso, acceso o divulgaci\u00f3n indebida.<\/p>\n<p class=\"western\"><strong>TRANSFERENCIA DE DATOS<\/strong><\/p>\n<p>adorn.mx en ning\u00fan momento trasferira sus datos a terceros ajenos a adorn.mx y el cliente. Sus datos quedan totalmente resguardados por adorn.mx.<\/p>\n<p class=\"western\"><strong>QU\u00c9 SON LOS COOKIES Y C\u00d3MO SE UTILIZAN<\/strong><\/p>\n<p>La aceptaci\u00f3n de las cookies no es un requisito para visitar nuestra p\u00e1gina. Sin embargo, nos gustar\u00eda se\u00f1alar que el uso del &#8220;carrito&#8221;, funcionalidad en adorn.mx y orden solo es posible con la activaci\u00f3n de las cookies. Las cookies son peque\u00f1os archivos de texto que identifican a tu computadora con nuestro servidor como un usuario \u00fanico cuando t\u00fa visitas ciertas p\u00e1ginas en nuestro sitio y que son guardados por tu navegador de internet en el disco duro de tu computadora. Las cookies se pueden utilizar para reconocer tu direcci\u00f3n de protocolo de internet, que te ahorra tiempo mientras quieres entrar a nuestro sitio. Solo utilizamos cookies para tu comodidad en el uso de adorn.mx (por ejemplo, para recordar qui\u00e9n eres cuando deseas modificar tu carrito de compra sin tener que volver a introducir tu direcci\u00f3n de correo electr\u00f3nico) y no para obtener o usar cualquier otra informaci\u00f3n sobre ti (por ejemplo de publicidad segmentada). Tu navegador puede ser configurado para no aceptar cookies, pero esto ser\u00eda restringir el uso de nuestra p\u00e1gina. Por favor, acepta nuestra garant\u00eda de que el uso de cookies no contiene datos de car\u00e1cter personal o privado, y est\u00e1n libres de virus. Si deseas obtener m\u00e1s informaci\u00f3n acerca de las cookies, ve a http:\/\/www.allaboutcookies.org, y para obtener informaci\u00f3n sobre la eliminaci\u00f3n de ellos desde el navegador, ve a http:\/\/www.allaboutcookies.org\/manage-cookies\/index.html. En el caso de empleo de cookies, el bot\u00f3n de &#8220;ayuda&#8221; que se encuentra en la barra de herramientas de la mayor\u00eda de los navegadores, le dir\u00e1 c\u00f3mo evitar aceptar nuevos cookies, c\u00f3mo hacer que el navegador le notifique cuando recibe un nuevo cookie o c\u00f3mo deshabilitar todos los cookies.<\/p>\n<p class=\"western\"><strong>USO DE LA INFORMACI\u00d3N<\/strong><\/p>\n<p>La informaci\u00f3n solicitada permite a adorn.mx contactar a los usuarios y potenciales clientes cuando sea necesario para completar los procedimientos de compra. Asimismo, adorn.mx utilizar\u00e1 la informaci\u00f3n obtenida para: \u2022 Procurar un servicio eficiente \u2022 Informar sobre nuevos productos o servicios que est\u00e9n relacionados con el contratado o adquirido por el cliente \u2022 Dar cumplimiento a obligaciones contra\u00eddas con nuestros clientes \u2022 Informar sobre cambios de nuestros productos o servicios \u2022 Proveer una mejor atenci\u00f3n al usuario. Los datos personales o empresariales proporcionados por el usuario formar\u00e1n parte de un archivo que contendr\u00e1 su perfil. El usuario puede modificar su perfil en cualquier momento utilizando su n\u00famero de usuario y contrase\u00f1a.<\/p>\n<p class=\"western\"><strong>LIMITACI\u00d3N DE USO Y DIVULGACI\u00d3N DE INFORMACI\u00d3N<\/strong><\/p>\n<p>En nuestro programa de notificaci\u00f3n de promociones, ofertas y servicios a trav\u00e9s de correo electr\u00f3nico, solo adorn.mx tiene acceso a la informaci\u00f3n recabada. Este tipo de publicidad se realiza mediante avisos y mensajes promocionales de correo electr\u00f3nico, los cuales solo ser\u00e1n enviados a usted y a aquellos contactos registrados para tal prop\u00f3sito, esta indicaci\u00f3n podr\u00e1 usted modificarla en cualquier momento enviando un correo a info@adorn.mx. En los correos electr\u00f3nicos enviados, pueden incluirse ocasionalmente ofertas de terceras partes que sean nuestros socios comerciales.<\/p>\n<p class=\"western\"><strong>DERECHOS ARCO (ACCESO, RECTIFICACI\u00d3N, CANCELACI\u00d3N Y OPOSICI\u00d3N)<\/strong><\/p>\n<p>El \u00e1rea responsable del manejo y la administraci\u00f3n de los datos personales es: Servicio al Cliente a quien puede contactar mediante en el correo electr\u00f3nico info@adorn.mx o en nuestros tel\u00e9fonos son (55) 222-417-64. Nuestra direcci\u00f3n es; Bosque de Duraznos 65, Bosque de las Lomas, 05120 Ciudad de M\u00e9xico, CDMX.<\/p>\n<p class=\"western\"><strong>PARA EJERCER SUS DERECHOS ARCO Y REVOCAR EL CONSENTIMIENTO OTORGADO<\/strong><\/p>\n<p>Como titular de datos personales, el &#8220;Usuario&#8221; podr\u00e1 ejercitar los derechos ARCO (acceso, cancelaci\u00f3n, rectificaci\u00f3n y oposici\u00f3n al tratamiento de sus datos personales), o bien, revocar el consentimiento que haya otorgado a adorn.mx, para el tratamiento de sus datos personales, enviando directamente su solicitud al \u00e1rea Servicio de Atenci\u00f3n al Clientes a trav\u00e9s de la cuenta de correo electr\u00f3nico: info@adorn.mx. Dicha solicitud deber\u00e1 contener por lo menos: (a) nombre y domicilio u otro medio para comunicarle la respuesta a su solicitud; (b) los documentos que acrediten su identidad o, en su caso, la representaci\u00f3n legal; (c) la descripci\u00f3n clara y precisa de los datos personales respecto de los que se solicita ejercer alguno de los derechos ARCO, (d) la manifestaci\u00f3n expresa para revocar su consentimiento al tratamiento de sus datos personales y por tanto, para que no se usen; (d) cualquier otro elemento que facilite la localizaci\u00f3n de los datos personales. Su petici\u00f3n deber\u00e1 ir acompa\u00f1ada de los fundamentos por los que solicita dicha revocaci\u00f3n y una identificaci\u00f3n oficial del titular de los datos o de su apoderado. En un plazo m\u00e1ximo de 20 (veinte) d\u00edas h\u00e1biles atenderemos su solicitud y le informaremos sobre la procedencia de la misma a trav\u00e9s del correo electr\u00f3nico del que provenga la petici\u00f3n. adorn.mx solicita al usuario que actualice sus datos cada vez que \u00e9stos sufran alguna modificaci\u00f3n, ya que esto permitir\u00e1 brindarle un servicio eficiente y personalizado.<\/p>\n<p class=\"western\"><strong>TRANSFERENCIAS DE INFORMACI\u00d3N POR SOLICITUD JUDICIAL<\/strong><\/p>\n<p>adorn.mx \u00fanicamente realiza remisiones de datos para cumplir con las obligaciones contra\u00eddas con los clientes. adorn.mx solo compartir\u00e1 datos cuando haya sido requerido por orden judicial para cumplir con las disposiciones procesales.<\/p>\n<p class=\"western\"><strong>PROTECCI\u00d3N<\/strong><\/p>\n<p>Al momento de comprar un producto en l\u00ednea, se pedir\u00e1n datos bancarios para los cuales le ofrecemos seguridad y confidencialidad, ya que contamos con un servidor seguro bajo el protocolo SSL (Secure Socket Layer) de tal menara que la informaci\u00f3n que env\u00edan, se transmite encriptada para asegurar su protecci\u00f3n. Para verificar que se encuentra en un entorno protegido, aseg\u00farese de que aparezca una \u201cS\u201d en la barra de navegaci\u00f3n \u201chttpS\u201d:\/\/. Sin embargo, y a pesar de contar cada d\u00eda con herramientas m\u00e1s seguras, la protecci\u00f3n de los datos enviados a trav\u00e9s de Internet no se puede garantizar al 100%; por lo que una vez recibidos, se har\u00e1 todo lo posible por salvaguardar la informaci\u00f3n.<\/p>\n<p class=\"western\"><strong>CAMBIOS EN EL AVISO DE PRIVACIDAD<\/strong><\/p>\n<p>Nos reservamos el derecho de efectuar en cualquier momento modificaciones o actualizaciones al presente aviso de privacidad, para la atenci\u00f3n de novedades legislativas o jurisprudenciales, pol\u00edticas internas, nuevos requerimientos para la prestaci\u00f3n u ofrecimiento de nuestros servicios o productos y pr\u00e1cticas del mercado. Estas modificaciones estar\u00e1n disponibles al p\u00fablico a trav\u00e9s de nuestra p\u00e1gina de Internet www.adorn.mx, secci\u00f3n aviso de privacidad.<\/p>\n<p class=\"western\"><strong>ACEPTACI\u00d3N DE LOS T\u00c9RMINOS<\/strong><\/p>\n<p>Esta declaraci\u00f3n de Privacidad est\u00e1 sujeta a los t\u00e9rminos y condiciones del sitio web de adorn.mx antes descrito, lo cual constituye un acuerdo legal entre el usuario y adorn.mx. Si el usuario utiliza los servicios del sitio de adorn.mx, significa que ha le\u00eddo, entendido y acordado los t\u00e9rminos antes expuestos.<\/p>\n<p class=\"western\"><strong>AUTORIDAD<\/strong><\/p>\n<p>Si el usuario\/cliente considera que han sido vulnerados sus derechos respecto de la protecci\u00f3n de datos personales, tiene el derecho de acudir a la autoridad correspondiente para defender su ejercicio. La autoridad es el Instituto Nacional de Transparencia, Acceso a la Informaci\u00f3n y Protecci\u00f3n de Datos (INAI), su sitio web es: www.ifai.mx.<\/p>\n<p class=\"western\"><strong>FECHA DE LA \u00daLTIMA ACTUALIZACI\u00d3N<\/strong><\/p>\n<p>Estimado usuario, se le notifica que el Aviso de Privacidad fue modificado el d\u00eda 15 de Abril de 2026.<\/p>\n\n","protected":false},"excerpt":{"rendered":"","protected":false},"author":1,"featured_media":0,"parent":0,"menu_order":0,"comment_status":"closed","ping_status":"closed","template":"","meta":{"footnotes":""},"class_list":["post-3","page","type-page","status-publish","hentry"],"yoast_head":"<!-- This site is optimized with the Yoast SEO plugin v27.5 - https:\/\/yoast.com\/product\/yoast-seo-wordpress\/ -->\n<title>Aviso de privacidad - Adorn Concept Store<\/title>\n<meta name=\"robots\" content=\"noindex, follow, max-snippet:-1, max-image-preview:large, max-video-preview:-1\" \/>\n<meta property=\"og:locale\" content=\"es_MX\" \/>\n<meta property=\"og:type\" content=\"article\" \/>\n<meta property=\"og:title\" content=\"Aviso de privacidad - Adorn Concept Store\" \/>\n<meta property=\"og:url\" content=\"https:\/\/adorn.mx\/index.php\/aviso-de-privacidad\/\" \/>\n<meta property=\"og:site_name\" content=\"Adorn Concept Store\" \/>\n<meta property=\"article:modified_time\" content=\"2026-05-05T14:18:38+00:00\" \/>\n<meta name=\"twitter:card\" content=\"summary_large_image\" \/>\n<meta name=\"twitter:label1\" content=\"Tiempo de lectura\" \/>\n\t<meta name=\"twitter:data1\" content=\"3 minutos\" \/>\n<script type=\"application\/ld+json\" class=\"yoast-schema-graph\">{\"@context\":\"https:\\\/\\\/schema.org\",\"@graph\":[{\"@type\":\"WebPage\",\"@id\":\"https:\\\/\\\/adorn.mx\\\/index.php\\\/aviso-de-privacidad\\\/\",\"url\":\"https:\\\/\\\/adorn.mx\\\/index.php\\\/aviso-de-privacidad\\\/\",\"name\":\"Aviso de privacidad - Adorn Concept Store\",\"isPartOf\":{\"@id\":\"https:\\\/\\\/prev.adorn.mx\\\/#website\"},\"datePublished\":\"2026-01-23T03:37:08+00:00\",\"dateModified\":\"2026-05-05T14:18:38+00:00\",\"breadcrumb\":{\"@id\":\"https:\\\/\\\/adorn.mx\\\/index.php\\\/aviso-de-privacidad\\\/#breadcrumb\"},\"inLanguage\":\"es\",\"potentialAction\":[{\"@type\":\"ReadAction\",\"target\":[\"https:\\\/\\\/adorn.mx\\\/index.php\\\/aviso-de-privacidad\\\/\"]}]},{\"@type\":\"BreadcrumbList\",\"@id\":\"https:\\\/\\\/adorn.mx\\\/index.php\\\/aviso-de-privacidad\\\/#breadcrumb\",\"itemListElement\":[{\"@type\":\"ListItem\",\"position\":1,\"name\":\"Inicio\",\"item\":\"https:\\\/\\\/adorn.mx\\\/\"},{\"@type\":\"ListItem\",\"position\":2,\"name\":\"Aviso de privacidad\"}]},{\"@type\":\"WebSite\",\"@id\":\"https:\\\/\\\/prev.adorn.mx\\\/#website\",\"url\":\"https:\\\/\\\/prev.adorn.mx\\\/\",\"name\":\"Adorn Concept Store\",\"description\":\"\",\"potentialAction\":[{\"@type\":\"SearchAction\",\"target\":{\"@type\":\"EntryPoint\",\"urlTemplate\":\"https:\\\/\\\/prev.adorn.mx\\\/?s={search_term_string}\"},\"query-input\":{\"@type\":\"PropertyValueSpecification\",\"valueRequired\":true,\"valueName\":\"search_term_string\"}}],\"inLanguage\":\"es\"}]}<\/script>\n<!-- \/ Yoast SEO plugin. -->","yoast_head_json":{"title":"Aviso de privacidad - Adorn Concept Store","robots":{"index":"noindex","follow":"follow","max-snippet":"max-snippet:-1","max-image-preview":"max-image-preview:large","max-video-preview":"max-video-preview:-1"},"og_locale":"es_MX","og_type":"article","og_title":"Aviso de privacidad - Adorn Concept Store","og_url":"https:\/\/adorn.mx\/index.php\/aviso-de-privacidad\/","og_site_name":"Adorn Concept Store","article_modified_time":"2026-05-05T14:18:38+00:00","twitter_card":"summary_large_image","twitter_misc":{"Tiempo de lectura":"3 minutos"},"schema":{"@context":"https:\/\/schema.org","@graph":[{"@type":"WebPage","@id":"https:\/\/adorn.mx\/index.php\/aviso-de-privacidad\/","url":"https:\/\/adorn.mx\/index.php\/aviso-de-privacidad\/","name":"Aviso de privacidad - Adorn Concept Store","isPartOf":{"@id":"https:\/\/prev.adorn.mx\/#website"},"datePublished":"2026-01-23T03:37:08+00:00","dateModified":"2026-05-05T14:18:38+00:00","breadcrumb":{"@id":"https:\/\/adorn.mx\/index.php\/aviso-de-privacidad\/#breadcrumb"},"inLanguage":"es","potentialAction":[{"@type":"ReadAction","target":["https:\/\/adorn.mx\/index.php\/aviso-de-privacidad\/"]}]},{"@type":"BreadcrumbList","@id":"https:\/\/adorn.mx\/index.php\/aviso-de-privacidad\/#breadcrumb","itemListElement":[{"@type":"ListItem","position":1,"name":"Inicio","item":"https:\/\/adorn.mx\/"},{"@type":"ListItem","position":2,"name":"Aviso de privacidad"}]},{"@type":"WebSite","@id":"https:\/\/prev.adorn.mx\/#website","url":"https:\/\/prev.adorn.mx\/","name":"Adorn Concept Store","description":"","potentialAction":[{"@type":"SearchAction","target":{"@type":"EntryPoint","urlTemplate":"https:\/\/prev.adorn.mx\/?s={search_term_string}"},"query-input":{"@type":"PropertyValueSpecification","valueRequired":true,"valueName":"search_term_string"}}],"inLanguage":"es"}]}},"_links":{"self":[{"href":"https:\/\/adorn.mx\/index.php\/wp-json\/wp\/v2\/pages\/3","targetHints":{"allow":["GET"]}}],"collection":[{"href":"https:\/\/adorn.mx\/index.php\/wp-json\/wp\/v2\/pages"}],"about":[{"href":"https:\/\/adorn.mx\/index.php\/wp-json\/wp\/v2\/types\/page"}],"author":[{"embeddable":true,"href":"https:\/\/adorn.mx\/index.php\/wp-json\/wp\/v2\/users\/1"}],"replies":[{"embeddable":true,"href":"https:\/\/adorn.mx\/index.php\/wp-json\/wp\/v2\/comments?post=3"}],"version-history":[{"count":3,"href":"https:\/\/adorn.mx\/index.php\/wp-json\/wp\/v2\/pages\/3\/revisions"}],"predecessor-version":[{"id":58515,"href":"https:\/\/adorn.mx\/index.php\/wp-json\/wp\/v2\/pages\/3\/revisions\/58515"}],"wp:attachment":[{"href":"https:\/\/adorn.mx\/index.php\/wp-json\/wp\/v2\/media?parent=3"}],"curies":[{"name":"wp","href":"https:\/\/api.w.org\/{rel}","templated":true}]}}